{"id":3115,"date":"2024-04-09T20:07:35","date_gmt":"2024-04-09T20:07:35","guid":{"rendered":"https:\/\/combustionlab.com.mx\/?page_id=3115"},"modified":"2024-04-09T20:07:35","modified_gmt":"2024-04-09T20:07:35","slug":"informant-ii","status":"publish","type":"page","link":"https:\/\/combustionlab.com.mx\/index.php\/informant-ii\/","title":{"rendered":"Informant II"},"content":{"rendered":"\n<div class=\"wp-block-uagb-container uagb-block-68706f31 alignfull uagb-is-root-container\"><div class=\"uagb-container-inner-blocks-wrap\">\n<div class=\"wp-block-uagb-container uagb-block-af8c97dd\">\n<div class=\"wp-block-uagb-image uagb-block-edb419ef wp-block-uagb-image--layout-default wp-block-uagb-image--effect-static wp-block-uagb-image--align-none\"><figure class=\"wp-block-uagb-image__figure\"><img decoding=\"async\" srcset=\"https:\/\/combustionlab.com.mx\/wp-content\/uploads\/2023\/12\/DETECTOR-2.png ,https:\/\/combustionlab.com.mx\/wp-content\/uploads\/2023\/12\/DETECTOR-2.png 780w, https:\/\/combustionlab.com.mx\/wp-content\/uploads\/2023\/12\/DETECTOR-2.png 360w\" sizes=\"auto, (max-width: 480px) 150px\" src=\"https:\/\/combustionlab.com.mx\/wp-content\/uploads\/2023\/12\/DETECTOR-2.png\" alt=\"\" class=\"uag-image-2740\" width=\"800\" height=\"800\" title=\"DETECTOR-2\" loading=\"lazy\" role=\"img\"\/><\/figure><\/div>\n<\/div>\n\n\n\n<div class=\"wp-block-uagb-container uagb-block-4cde0483\">\n<p><\/p>\n\n\n\n<p><\/p>\n\n\n\n<p class=\"has-medium-font-size\" style=\"padding-right:0;padding-left:0\">Detector de gases dual Informant II<\/p>\n\n\n\n<p>Bacharach Informant\u00ae 2 es un detector de fugas excepcionalmente flexible dise\u00f1ado para contratistas de calefacci\u00f3n y refrigeraci\u00f3n residenciales y comerciales. Es el \u00fanico detector de fugas de doble prop\u00f3sito que puede cambiar de refrigerantes a gases combustibles (y viceversa) en segundos. Esta unidad reemplaza dos detectores de fugas dedicados, lo que ahorra espacio en su cami\u00f3n y dinero en su billetera.<\/p>\n\n\n\n<p>El Informant\u00ae 2 tiene un cuello largo y flexible para detectar fugas en \u00e1reas de dif\u00edcil acceso, escalas LED duales para mostrar tama\u00f1os relativos de fugas y una funci\u00f3n de puesta a cero autom\u00e1tica para encontrar fugas en entornos donde hay gas objetivo. Tiene certificaci\u00f3n UL 913 (cuando se usa solo el sensor de combustible) para ubicaciones peligrosas y viene con una garant\u00eda de 1 a\u00f1o que incluye sensores.<\/p>\n\n\n\n<ul class=\"wp-block-list\">\n<li>Detecta refrigerantes y gases combustibles (con el sensor respectivo instalado); cambiar los sensores toma solo unos segundos<\/li>\n\n\n\n<li>Sensor ubicado en la punta de la sonda para m\u00e1xima sensibilidad, respuesta r\u00e1pida y cambio f\u00e1cil<\/li>\n\n\n\n<li>Los indicadores visuales y audibles incluyen escalas LED duales, LED parpadeante en la punta de la sonda y un altavoz (con opci\u00f3n de silencio)<\/li>\n<\/ul>\n\n\n\n<div class=\"wp-block-uagb-container uagb-block-523d74ad\"><\/div>\n\n\n\n<div class=\"wp-block-uagb-buttons uagb-buttons__outer-wrap uagb-btn__default-btn uagb-btn-tablet__default-btn uagb-btn-mobile__default-btn uagb-block-5f7bbbd5\"><div class=\"uagb-buttons__wrap uagb-buttons-layout-wrap \">\n<div class=\"wp-block-uagb-buttons-child uagb-buttons__outer-wrap uagb-block-dcea090a wp-block-button\"><div class=\"uagb-button__wrapper\"><a class=\"uagb-buttons-repeater wp-block-button__link\" aria-label=\"\" href=\"https:\/\/combustionlab.com.mx\/index.php\/contact\/\" rel=\"follow noopener\" target=\"_self\"><div class=\"uagb-button__link\">Cotizar<\/div><\/a><\/div><\/div>\n<\/div><\/div>\n<\/div>\n<\/div><\/div>\n\n\n\n<div class=\"wp-block-uagb-container uagb-block-7ee0cb54 alignfull uagb-is-root-container\"><div class=\"uagb-container-inner-blocks-wrap\">\n<div class=\"wp-block-columns is-layout-flex wp-container-core-columns-is-layout-28f84493 wp-block-columns-is-layout-flex\">\n<div class=\"wp-block-column is-layout-flow wp-block-column-is-layout-flow\" style=\"flex-basis:100%\">\n<div class=\"wp-block-uagb-image uagb-block-43807e69 wp-block-uagb-image--layout-default wp-block-uagb-image--effect-zoomin wp-block-uagb-image--align-none\"><figure class=\"wp-block-uagb-image__figure\"><img decoding=\"async\" srcset=\"https:\/\/combustionlab.com.mx\/wp-content\/uploads\/2024\/04\/Bacharach_0019-8038_Image-1-600x600-1.jpg ,https:\/\/combustionlab.com.mx\/wp-content\/uploads\/2024\/04\/Bacharach_0019-8038_Image-1-600x600-1.jpg 780w, https:\/\/combustionlab.com.mx\/wp-content\/uploads\/2024\/04\/Bacharach_0019-8038_Image-1-600x600-1.jpg 360w\" sizes=\"auto, (max-width: 480px) 150px\" src=\"https:\/\/combustionlab.com.mx\/wp-content\/uploads\/2024\/04\/Bacharach_0019-8038_Image-1-600x600-1.jpg\" alt=\"\" class=\"uag-image-3116\" width=\"800\" height=\"800\" title=\"Bacharach_0019-8038_Image-1-600x600-1\" loading=\"lazy\" role=\"img\"\/><\/figure><\/div>\n<\/div>\n<\/div>\n\n\n\n<div class=\"wp-block-uagb-container uagb-block-bff2d20c\">\n<div class=\"wp-block-uagb-image uagb-block-08646e00 wp-block-uagb-image--layout-default wp-block-uagb-image--effect-zoomin wp-block-uagb-image--align-none\"><figure class=\"wp-block-uagb-image__figure\"><img decoding=\"async\" srcset=\"https:\/\/combustionlab.com.mx\/wp-content\/uploads\/2024\/04\/Informant2-6-1-800x600-1.jpg ,https:\/\/combustionlab.com.mx\/wp-content\/uploads\/2024\/04\/Informant2-6-1-800x600-1.jpg 780w, https:\/\/combustionlab.com.mx\/wp-content\/uploads\/2024\/04\/Informant2-6-1-800x600-1.jpg 360w\" sizes=\"auto, (max-width: 480px) 150px\" src=\"https:\/\/combustionlab.com.mx\/wp-content\/uploads\/2024\/04\/Informant2-6-1-800x600-1.jpg\" alt=\"\" class=\"uag-image-3117\" width=\"800\" height=\"800\" title=\"Informant2-6-1-800x600-1\" loading=\"lazy\" role=\"img\"\/><\/figure><\/div>\n<\/div>\n\n\n\n<div class=\"wp-block-uagb-container uagb-block-499cdf43\">\n<div class=\"wp-block-uagb-image aligncenter uagb-block-861b733b wp-block-uagb-image--layout-default wp-block-uagb-image--effect-zoomin wp-block-uagb-image--align-center\"><figure class=\"wp-block-uagb-image__figure\"><img decoding=\"async\" srcset=\"https:\/\/combustionlab.com.mx\/wp-content\/uploads\/2024\/04\/Informant2-5-302x346-512x512-1.jpg ,https:\/\/combustionlab.com.mx\/wp-content\/uploads\/2024\/04\/Informant2-5-302x346-512x512-1.jpg 780w, https:\/\/combustionlab.com.mx\/wp-content\/uploads\/2024\/04\/Informant2-5-302x346-512x512-1.jpg 360w\" sizes=\"auto, (max-width: 480px) 150px\" src=\"https:\/\/combustionlab.com.mx\/wp-content\/uploads\/2024\/04\/Informant2-5-302x346-512x512-1.jpg\" alt=\"\" class=\"uag-image-3118\" width=\"800\" height=\"800\" title=\"Informant2-5-302x346-512x512-1\" loading=\"lazy\" role=\"img\"\/><\/figure><\/div>\n<\/div>\n\n\n\n<div class=\"wp-block-uagb-container uagb-block-c4b05f11\">\n<div class=\"wp-block-uagb-image uagb-block-b26b098c wp-block-uagb-image--layout-default wp-block-uagb-image--effect-zoomin wp-block-uagb-image--align-none\"><figure class=\"wp-block-uagb-image__figure\"><img decoding=\"async\" srcset=\"https:\/\/combustionlab.com.mx\/wp-content\/uploads\/2024\/04\/Bacharach_0019-8038_Image-3.jpg ,https:\/\/combustionlab.com.mx\/wp-content\/uploads\/2024\/04\/Bacharach_0019-8038_Image-3.jpg 780w, https:\/\/combustionlab.com.mx\/wp-content\/uploads\/2024\/04\/Bacharach_0019-8038_Image-3.jpg 360w\" sizes=\"auto, (max-width: 480px) 150px\" src=\"https:\/\/combustionlab.com.mx\/wp-content\/uploads\/2024\/04\/Bacharach_0019-8038_Image-3.jpg\" alt=\"\" class=\"uag-image-3119\" width=\"800\" height=\"800\" title=\"Bacharach_0019-8038_Image-3\" loading=\"lazy\" role=\"img\"\/><\/figure><\/div>\n<\/div>\n<\/div><\/div>\n\n\n\n<div class=\"wp-block-uagb-container uagb-block-489c1a71 alignfull uagb-is-root-container\"><div class=\"uagb-container-inner-blocks-wrap\"><\/div><\/div>\n","protected":false},"excerpt":{"rendered":"<p>Detector de gases dual Informant II Bacharach Informant\u00ae 2 es un detector de fugas excepcionalmente flexible dise\u00f1ado para contratistas de [&hellip;]<\/p>\n","protected":false},"author":1,"featured_media":0,"parent":0,"menu_order":0,"comment_status":"closed","ping_status":"closed","template":"","meta":{"_uag_custom_page_level_css":"","site-sidebar-layout":"no-sidebar","site-content-layout":"page-builder","ast-site-content-layout":"full-width-container","site-content-style":"unboxed","site-sidebar-style":"unboxed","ast-global-header-display":"","ast-banner-title-visibility":"","ast-main-header-display":"","ast-hfb-above-header-display":"","ast-hfb-below-header-display":"","ast-hfb-mobile-header-display":"","site-post-title":"disabled","ast-breadcrumbs-content":"","ast-featured-img":"disabled","footer-sml-layout":"","theme-transparent-header-meta":"disabled","adv-header-id-meta":"","stick-header-meta":"","header-above-stick-meta":"","header-main-stick-meta":"","header-below-stick-meta":"","astra-migrate-meta-layouts":"set","ast-page-background-enabled":"default","ast-page-background-meta":{"desktop":{"background-color":"var(--ast-global-color-4)","background-image":"","background-repeat":"repeat","background-position":"center center","background-size":"auto","background-attachment":"scroll","background-type":"","background-media":"","overlay-type":"","overlay-color":"","overlay-opacity":"","overlay-gradient":""},"tablet":{"background-color":"","background-image":"","background-repeat":"repeat","background-position":"center center","background-size":"auto","background-attachment":"scroll","background-type":"","background-media":"","overlay-type":"","overlay-color":"","overlay-opacity":"","overlay-gradient":""},"mobile":{"background-color":"","background-image":"","background-repeat":"repeat","background-position":"center center","background-size":"auto","background-attachment":"scroll","background-type":"","background-media":"","overlay-type":"","overlay-color":"","overlay-opacity":"","overlay-gradient":""}},"ast-content-background-meta":{"desktop":{"background-color":"var(--ast-global-color-5)","background-image":"","background-repeat":"repeat","background-position":"center center","background-size":"auto","background-attachment":"scroll","background-type":"","background-media":"","overlay-type":"","overlay-color":"","overlay-opacity":"","overlay-gradient":""},"tablet":{"background-color":"var(--ast-global-color-5)","background-image":"","background-repeat":"repeat","background-position":"center center","background-size":"auto","background-attachment":"scroll","background-type":"","background-media":"","overlay-type":"","overlay-color":"","overlay-opacity":"","overlay-gradient":""},"mobile":{"background-color":"var(--ast-global-color-5)","background-image":"","background-repeat":"repeat","background-position":"center center","background-size":"auto","background-attachment":"scroll","background-type":"","background-media":"","overlay-type":"","overlay-color":"","overlay-opacity":"","overlay-gradient":""}},"footnotes":""},"class_list":["post-3115","page","type-page","status-publish","hentry"],"uagb_featured_image_src":{"full":false,"thumbnail":false,"medium":false,"medium_large":false,"large":false,"1536x1536":false,"2048x2048":false,"woocommerce_thumbnail":false,"woocommerce_single":false,"woocommerce_gallery_thumbnail":false},"uagb_author_info":{"display_name":"admin","author_link":"https:\/\/combustionlab.com.mx\/index.php\/author\/admin_v9meuxr8\/"},"uagb_comment_info":0,"uagb_excerpt":"Detector de gases dual Informant II Bacharach Informant\u00ae 2 es un detector de fugas excepcionalmente flexible dise\u00f1ado para contratistas de [&hellip;]","_links":{"self":[{"href":"https:\/\/combustionlab.com.mx\/index.php\/wp-json\/wp\/v2\/pages\/3115","targetHints":{"allow":["GET"]}}],"collection":[{"href":"https:\/\/combustionlab.com.mx\/index.php\/wp-json\/wp\/v2\/pages"}],"about":[{"href":"https:\/\/combustionlab.com.mx\/index.php\/wp-json\/wp\/v2\/types\/page"}],"author":[{"embeddable":true,"href":"https:\/\/combustionlab.com.mx\/index.php\/wp-json\/wp\/v2\/users\/1"}],"replies":[{"embeddable":true,"href":"https:\/\/combustionlab.com.mx\/index.php\/wp-json\/wp\/v2\/comments?post=3115"}],"version-history":[{"count":1,"href":"https:\/\/combustionlab.com.mx\/index.php\/wp-json\/wp\/v2\/pages\/3115\/revisions"}],"predecessor-version":[{"id":3120,"href":"https:\/\/combustionlab.com.mx\/index.php\/wp-json\/wp\/v2\/pages\/3115\/revisions\/3120"}],"wp:attachment":[{"href":"https:\/\/combustionlab.com.mx\/index.php\/wp-json\/wp\/v2\/media?parent=3115"}],"curies":[{"name":"wp","href":"https:\/\/api.w.org\/{rel}","templated":true}]}}