{"id":2709,"date":"2023-12-08T06:58:34","date_gmt":"2023-12-08T06:58:34","guid":{"rendered":"https:\/\/combustionlab.com.mx\/wordpress_D\/?page_id=2709"},"modified":"2024-04-10T20:06:46","modified_gmt":"2024-04-10T20:06:46","slug":"detectores","status":"publish","type":"page","link":"https:\/\/combustionlab.com.mx\/index.php\/detectores\/","title":{"rendered":"Detectores"},"content":{"rendered":"\n<div class=\"wp-block-uagb-container uagb-block-68706f31 alignfull uagb-is-root-container\"><div class=\"uagb-container-inner-blocks-wrap\">\n<div class=\"wp-block-uagb-container uagb-block-af8c97dd\">\n<div class=\"wp-block-uagb-image uagb-block-a9bd2087 wp-block-uagb-image--layout-default wp-block-uagb-image--effect-static wp-block-uagb-image--align-none\"><figure class=\"wp-block-uagb-image__figure\"><a class=\"\" href=\"https:\/\/combustionlab.com.mx\/index.php\/informant-ii\/\" target=\"\" rel=\"noopener\"><img decoding=\"async\" srcset=\"https:\/\/combustionlab.com.mx\/wp-content\/uploads\/2023\/12\/DETECTORES-1200X1200.png ,https:\/\/combustionlab.com.mx\/wp-content\/uploads\/2023\/12\/DETECTORES-1200X1200.png 780w, https:\/\/combustionlab.com.mx\/wp-content\/uploads\/2023\/12\/DETECTORES-1200X1200.png 360w\" sizes=\"auto, (max-width: 480px) 150px\" src=\"https:\/\/combustionlab.com.mx\/wp-content\/uploads\/2023\/12\/DETECTORES-1200X1200.png\" alt=\"\" class=\"uag-image-2609\" width=\"1200\" height=\"1200\" title=\"\" loading=\"lazy\" role=\"img\"\/><\/a><\/figure><\/div>\n<\/div>\n\n\n\n<div class=\"wp-block-uagb-container uagb-block-4cde0483\">\n<p class=\"has-medium-font-size\" style=\"padding-right:0;padding-left:0\">Detectores de gas<\/p>\n\n\n\n<p>Son herramientas vers\u00e1tiles que pueden utilizarse en muchas aplicaciones debido a su tama\u00f1o y portabilidad. Est\u00e1n dise\u00f1ados para detectar gases combustibles, refrigerantes, t\u00f3xicos y de proceso.<\/p>\n\n\n\n<div class=\"wp-block-uagb-container uagb-block-523d74ad\"><\/div>\n\n\n\n<div class=\"wp-block-uagb-buttons uagb-buttons__outer-wrap uagb-btn__default-btn uagb-btn-tablet__default-btn uagb-btn-mobile__default-btn uagb-block-5f7bbbd5\"><div class=\"uagb-buttons__wrap uagb-buttons-layout-wrap \">\n<div class=\"wp-block-uagb-buttons-child uagb-buttons__outer-wrap uagb-block-dcea090a wp-block-button\"><div class=\"uagb-button__wrapper\"><a class=\"uagb-buttons-repeater wp-block-button__link\" aria-label=\"\" href=\"https:\/\/combustionlab.com.mx\/index.php\/contact\/\" rel=\"follow noopener\" target=\"_self\"><div class=\"uagb-button__link\">Cotizar<\/div><\/a><\/div><\/div>\n<\/div><\/div>\n<\/div>\n<\/div><\/div>\n\n\n\n<div class=\"wp-block-uagb-container uagb-block-7ee0cb54 alignfull uagb-is-root-container\"><div class=\"uagb-container-inner-blocks-wrap\">\n<div class=\"wp-block-uagb-image uagb-block-2088ef6a wp-block-uagb-image--layout-default wp-block-uagb-image--effect-zoomin wp-block-uagb-image--align-none\"><figure class=\"wp-block-uagb-image__figure\"><a class=\"\" href=\"https:\/\/combustionlab.com.mx\/index.php\/leakator-jr\/\" target=\"\" rel=\"noopener\"><img decoding=\"async\" srcset=\"https:\/\/combustionlab.com.mx\/wp-content\/uploads\/2023\/12\/DETECTOR-3.png ,https:\/\/combustionlab.com.mx\/wp-content\/uploads\/2023\/12\/DETECTOR-3.png 780w, https:\/\/combustionlab.com.mx\/wp-content\/uploads\/2023\/12\/DETECTOR-3.png 360w\" sizes=\"auto, (max-width: 480px) 150px\" src=\"https:\/\/combustionlab.com.mx\/wp-content\/uploads\/2023\/12\/DETECTOR-3.png\" alt=\"\" class=\"uag-image-2742\" width=\"800\" height=\"800\" title=\"\" loading=\"lazy\" role=\"presentation\"\/><\/a><figcaption class=\"uagb-image-caption\">Leakator Jr<\/figcaption><\/figure><\/div>\n\n\n\n<div class=\"wp-block-uagb-image uagb-block-d1da5c1b wp-block-uagb-image--layout-default wp-block-uagb-image--effect-zoomin wp-block-uagb-image--align-none\"><figure class=\"wp-block-uagb-image__figure\"><a class=\"\" href=\"https:\/\/combustionlab.com.mx\/index.php\/informant-ii\/\" target=\"\" rel=\"noopener\"><img decoding=\"async\" srcset=\"https:\/\/combustionlab.com.mx\/wp-content\/uploads\/2023\/12\/DETECTOR-2.png ,https:\/\/combustionlab.com.mx\/wp-content\/uploads\/2023\/12\/DETECTOR-2.png 780w, https:\/\/combustionlab.com.mx\/wp-content\/uploads\/2023\/12\/DETECTOR-2.png 360w\" sizes=\"auto, (max-width: 480px) 150px\" src=\"https:\/\/combustionlab.com.mx\/wp-content\/uploads\/2023\/12\/DETECTOR-2.png\" alt=\"\" class=\"uag-image-2740\" width=\"800\" height=\"800\" title=\"\" loading=\"lazy\" role=\"img\"\/><\/a><figcaption class=\"uagb-image-caption\">Informant 2<\/figcaption><\/figure><\/div>\n\n\n\n<div class=\"wp-block-uagb-container uagb-block-499cdf43\">\n<div class=\"wp-block-uagb-image uagb-block-b5990e76 wp-block-uagb-image--layout-default wp-block-uagb-image--effect-zoomin wp-block-uagb-image--align-none\"><figure class=\"wp-block-uagb-image__figure\"><a class=\"\" href=\"https:\/\/combustionlab.com.mx\/index.php\/detector-7899\/\" target=\"\" rel=\"noopener\"><img decoding=\"async\" srcset=\"https:\/\/combustionlab.com.mx\/wp-content\/uploads\/2023\/12\/DETECTOR-1.png ,https:\/\/combustionlab.com.mx\/wp-content\/uploads\/2023\/12\/DETECTOR-1.png 780w, https:\/\/combustionlab.com.mx\/wp-content\/uploads\/2023\/12\/DETECTOR-1.png 360w\" sizes=\"auto, (max-width: 480px) 150px\" src=\"https:\/\/combustionlab.com.mx\/wp-content\/uploads\/2023\/12\/DETECTOR-1.png\" alt=\"\" class=\"uag-image-2741\" width=\"800\" height=\"800\" title=\"\" loading=\"lazy\" role=\"img\"\/><\/a><figcaption class=\"uagb-image-caption\">7899<\/figcaption><\/figure><\/div>\n<\/div>\n<\/div><\/div>\n\n\n\n<div class=\"wp-block-uagb-container uagb-block-489c1a71 alignfull uagb-is-root-container\"><div class=\"uagb-container-inner-blocks-wrap\"><\/div><\/div>\n","protected":false},"excerpt":{"rendered":"<p>Detectores de gas Son herramientas vers\u00e1tiles que pueden utilizarse en muchas aplicaciones debido a su tama\u00f1o y portabilidad. Est\u00e1n dise\u00f1ados [&hellip;]<\/p>\n","protected":false},"author":1,"featured_media":0,"parent":0,"menu_order":0,"comment_status":"closed","ping_status":"closed","template":"","meta":{"_uag_custom_page_level_css":"","site-sidebar-layout":"no-sidebar","site-content-layout":"page-builder","ast-site-content-layout":"full-width-container","site-content-style":"unboxed","site-sidebar-style":"unboxed","ast-global-header-display":"","ast-banner-title-visibility":"","ast-main-header-display":"","ast-hfb-above-header-display":"","ast-hfb-below-header-display":"","ast-hfb-mobile-header-display":"","site-post-title":"disabled","ast-breadcrumbs-content":"","ast-featured-img":"disabled","footer-sml-layout":"","theme-transparent-header-meta":"disabled","adv-header-id-meta":"","stick-header-meta":"","header-above-stick-meta":"","header-main-stick-meta":"","header-below-stick-meta":"","astra-migrate-meta-layouts":"set","ast-page-background-enabled":"default","ast-page-background-meta":{"desktop":{"background-color":"var(--ast-global-color-4)","background-image":"","background-repeat":"repeat","background-position":"center center","background-size":"auto","background-attachment":"scroll","background-type":"","background-media":"","overlay-type":"","overlay-color":"","overlay-opacity":"","overlay-gradient":""},"tablet":{"background-color":"","background-image":"","background-repeat":"repeat","background-position":"center center","background-size":"auto","background-attachment":"scroll","background-type":"","background-media":"","overlay-type":"","overlay-color":"","overlay-opacity":"","overlay-gradient":""},"mobile":{"background-color":"","background-image":"","background-repeat":"repeat","background-position":"center center","background-size":"auto","background-attachment":"scroll","background-type":"","background-media":"","overlay-type":"","overlay-color":"","overlay-opacity":"","overlay-gradient":""}},"ast-content-background-meta":{"desktop":{"background-color":"var(--ast-global-color-5)","background-image":"","background-repeat":"repeat","background-position":"center center","background-size":"auto","background-attachment":"scroll","background-type":"","background-media":"","overlay-type":"","overlay-color":"","overlay-opacity":"","overlay-gradient":""},"tablet":{"background-color":"var(--ast-global-color-5)","background-image":"","background-repeat":"repeat","background-position":"center center","background-size":"auto","background-attachment":"scroll","background-type":"","background-media":"","overlay-type":"","overlay-color":"","overlay-opacity":"","overlay-gradient":""},"mobile":{"background-color":"var(--ast-global-color-5)","background-image":"","background-repeat":"repeat","background-position":"center center","background-size":"auto","background-attachment":"scroll","background-type":"","background-media":"","overlay-type":"","overlay-color":"","overlay-opacity":"","overlay-gradient":""}},"footnotes":""},"class_list":["post-2709","page","type-page","status-publish","hentry"],"uagb_featured_image_src":{"full":false,"thumbnail":false,"medium":false,"medium_large":false,"large":false,"1536x1536":false,"2048x2048":false,"woocommerce_thumbnail":false,"woocommerce_single":false,"woocommerce_gallery_thumbnail":false},"uagb_author_info":{"display_name":"admin","author_link":"https:\/\/combustionlab.com.mx\/index.php\/author\/admin_v9meuxr8\/"},"uagb_comment_info":0,"uagb_excerpt":"Detectores de gas Son herramientas vers\u00e1tiles que pueden utilizarse en muchas aplicaciones debido a su tama\u00f1o y portabilidad. Est\u00e1n dise\u00f1ados [&hellip;]","_links":{"self":[{"href":"https:\/\/combustionlab.com.mx\/index.php\/wp-json\/wp\/v2\/pages\/2709","targetHints":{"allow":["GET"]}}],"collection":[{"href":"https:\/\/combustionlab.com.mx\/index.php\/wp-json\/wp\/v2\/pages"}],"about":[{"href":"https:\/\/combustionlab.com.mx\/index.php\/wp-json\/wp\/v2\/types\/page"}],"author":[{"embeddable":true,"href":"https:\/\/combustionlab.com.mx\/index.php\/wp-json\/wp\/v2\/users\/1"}],"replies":[{"embeddable":true,"href":"https:\/\/combustionlab.com.mx\/index.php\/wp-json\/wp\/v2\/comments?post=2709"}],"version-history":[{"count":17,"href":"https:\/\/combustionlab.com.mx\/index.php\/wp-json\/wp\/v2\/pages\/2709\/revisions"}],"predecessor-version":[{"id":3137,"href":"https:\/\/combustionlab.com.mx\/index.php\/wp-json\/wp\/v2\/pages\/2709\/revisions\/3137"}],"wp:attachment":[{"href":"https:\/\/combustionlab.com.mx\/index.php\/wp-json\/wp\/v2\/media?parent=2709"}],"curies":[{"name":"wp","href":"https:\/\/api.w.org\/{rel}","templated":true}]}}